{"id":25811,"date":"2026-04-10T02:39:52","date_gmt":"2026-04-10T00:39:52","guid":{"rendered":"https:\/\/burakbulut.info\/?page_id=25811"},"modified":"2026-04-13T03:25:20","modified_gmt":"2026-04-13T01:25:20","slug":"fur-agenturen-produktionen","status":"publish","type":"page","link":"https:\/\/burakbulut.info\/de\/for-agencies-productions\/","title":{"rendered":"F\u00fcr Agenturen und Produktion"},"content":{"rendered":"<div data-elementor-type=\"wp-page\" data-elementor-id=\"25811\" class=\"elementor elementor-25811\" data-elementor-post-type=\"page\">\n\t\t\t\t<div class=\"elementor-element elementor-element-6ef9528 e-flex e-con-boxed e-con e-parent\" data-id=\"6ef9528\" data-element_type=\"container\" data-e-type=\"container\">\n\t\t\t\t\t<div class=\"e-con-inner\">\n\t\t\t\t<div class=\"elementor-element elementor-element-efd3fd1 elementor-widget elementor-widget-html\" data-id=\"efd3fd1\" data-element_type=\"widget\" data-e-type=\"widget\" data-widget_type=\"html.default\">\n\t\t\t\t\t<section class=\"hp-dark\" id=\"for-agencies-hero\" style=\"background:#050505;color:#fff;\">\r\n  <style>\r\n    #for-agencies-hero .fa-wrap,\r\n    #for-agencies-model .fa-wrap,\r\n    #for-agencies-usecases .fa-wrap,\r\n    #for-agencies-cta .fa-wrap{\r\n      max-width:1280px;\r\n      margin:0 auto;\r\n      padding-left:clamp(18px,3vw,34px);\r\n      padding-right:clamp(18px,3vw,34px);\r\n      font-family:Inter,Arial,sans-serif;\r\n    }\r\n    #for-agencies-hero .fa-wrap{\r\n      padding-top:clamp(42px,6vw,92px);\r\n      padding-bottom:clamp(40px,5vw,72px);\r\n    }\r\n    #for-agencies-hero .fa-inner,\r\n    #for-agencies-model .fa-inner,\r\n    #for-agencies-usecases .fa-inner,\r\n    #for-agencies-cta .fa-inner{\r\n      max-width:1180px;\r\n      margin:0 auto;\r\n    }\r\n    #for-agencies-hero .fa-hero{\r\n      max-width:920px;\r\n      margin:0 auto;\r\n      text-align:center;\r\n      padding-bottom:30px;\r\n      border-bottom:1px solid rgba(255,255,255,.08);\r\n    }\r\n    #for-agencies-hero .fa-lbl,\r\n    #for-agencies-model .fa-lbl,\r\n    #for-agencies-usecases .fa-lbl,\r\n    #for-agencies-cta .fa-lbl{\r\n      display:inline-block;\r\n      margin:0 0 16px;\r\n      color:#d4a96a;\r\n      font:500 11px\/1.2 Inter,Arial,sans-serif;\r\n      letter-spacing:4px;\r\n      text-transform:uppercase;\r\n    }\r\n    #for-agencies-hero .fa-h1,\r\n    #for-agencies-model .fa-h2,\r\n    #for-agencies-usecases .fa-h2,\r\n    #for-agencies-cta .fa-h2,\r\n    #for-agencies-cta .fa-h3{\r\n      font-family:'Cormorant Garamond',Georgia,serif;\r\n      font-weight:300;\r\n      color:#fff;\r\n      letter-spacing:.2px;\r\n      margin:0;\r\n    }\r\n    #for-agencies-hero .fa-h1{\r\n      font-size:clamp(40px,6.4vw,72px);\r\n      line-height:1.04;\r\n      margin-bottom:16px;\r\n    }\r\n    #for-agencies-hero .fa-lead{\r\n      max-width:760px;\r\n      margin:0 auto 18px;\r\n      color:#f1ece3;\r\n      font:400 clamp(17px,1.8vw,20px)\/1.68 Inter,Arial,sans-serif;\r\n    }\r\n    #for-agencies-hero .fa-p,\r\n    #for-agencies-model .fa-p,\r\n    #for-agencies-model .fa-card p,\r\n    #for-agencies-usecases .fa-p,\r\n    #for-agencies-usecases .fa-card p,\r\n    #for-agencies-cta .fa-p,\r\n    #for-agencies-cta .fa-note,\r\n    #for-agencies-cta .fa-brief li{\r\n      color:#c9c9c9;\r\n      font:400 16px\/1.8 Inter,Arial,sans-serif;\r\n      margin:0 0 16px;\r\n    }\r\n    #for-agencies-hero .fa-tags{\r\n      display:flex;\r\n      flex-wrap:wrap;\r\n      justify-content:center;\r\n      gap:10px;\r\n      margin-top:24px;\r\n      padding:0;\r\n      list-style:none;\r\n    }\r\n    #for-agencies-hero .fa-tag{\r\n      display:inline-flex;\r\n      align-items:center;\r\n      min-height:34px;\r\n      padding:0 14px;\r\n      border:1px solid rgba(255,255,255,.10);\r\n      border-radius:999px;\r\n      background:rgba(255,255,255,.02);\r\n      color:#cfcfcf;\r\n      font:500 12px\/1 Inter,Arial,sans-serif;\r\n      letter-spacing:.6px;\r\n      text-transform:uppercase;\r\n      white-space:nowrap;\r\n    }\r\n    @media (max-width:767px){\r\n      #for-agencies-hero .fa-wrap,\r\n      #for-agencies-model .fa-wrap,\r\n      #for-agencies-usecases .fa-wrap,\r\n      #for-agencies-cta .fa-wrap{\r\n        padding-left:14px;\r\n        padding-right:14px;\r\n      }\r\n      #for-agencies-hero .fa-wrap{\r\n        padding-top:30px;\r\n        padding-bottom:50px;\r\n      }\r\n      #for-agencies-hero .fa-hero{\r\n        text-align:left;\r\n      }\r\n      #for-agencies-hero .fa-lead,\r\n      #for-agencies-hero .fa-p,\r\n      #for-agencies-model .fa-p,\r\n      #for-agencies-model .fa-card p,\r\n      #for-agencies-usecases .fa-p,\r\n      #for-agencies-usecases .fa-card p,\r\n      #for-agencies-cta .fa-p,\r\n      #for-agencies-cta .fa-note,\r\n      #for-agencies-cta .fa-brief li{\r\n        font-size:15px;\r\n        line-height:1.72;\r\n      }\r\n      #for-agencies-hero .fa-lead{\r\n        margin-left:0;\r\n        margin-right:0;\r\n      }\r\n      #for-agencies-hero .fa-tags{\r\n        justify-content:flex-start;\r\n      }\r\n      #for-agencies-hero .fa-tag{\r\n        white-space:normal;\r\n      }\r\n    }\r\n  <\/style>\r\n\r\n  <div class=\"fa-wrap\">\r\n    <div class=\"fa-inner\">\r\n      <div class=\"fa-hero\">\r\n        <div class=\"fa-lbl\">F\u00fcr Agenturen und Produktion<\/div>\r\n        <h1 class=\"fa-h1\">Fotografengef\u00fchrte Standbilder. Produktionsbewusst.<\/h1>\r\n\r\n        <p class=\"fa-lead\">\r\n          Burak Bulut Y\u0131ld\u0131r\u0131m arbeitet mit Agenturen, Produzenten, Art Buyern und direkten Markenteams an Briefings, die eine klare fotografische Sichtweise und eine autorisierte Beleuchtung auf Bildebene erfordern - mit zuverl\u00e4ssiger Produktionsunterst\u00fctzung, wenn der Umfang dies erfordert.\r\n        <\/p>\r\n\r\n        <ul class=\"fa-tags\">\r\n          <li class=\"fa-tag\">Kampagnen<\/li>\r\n          <li class=\"fa-tag\">Sch\u00f6nheit<\/li>\r\n          <li class=\"fa-tag\">Schmuck &amp; Objekte<\/li>\r\n          <li class=\"fa-tag\">Portr\u00e4ts<\/li>\r\n          <li class=\"fa-tag\">Tanz &amp; Performance<\/li>\r\n          <li class=\"fa-tag\">Berlin \/ Istanbul<\/li>\r\n        <\/ul>\r\n      <\/div>\r\n    <\/div>\r\n  <\/div>\r\n<\/section>\t\t\t\t<\/div>\n\t\t\t\t<div class=\"elementor-element elementor-element-d382232 elementor-widget elementor-widget-html\" data-id=\"d382232\" data-element_type=\"widget\" data-e-type=\"widget\" data-widget_type=\"html.default\">\n\t\t\t\t\t<section class=\"hp-dark\" id=\"for-agencies-model\" style=\"background:#070707;color:#fff;\">\r\n  <style>\r\n    #for-agencies-model .fa-wrap{\r\n      padding-top:clamp(10px,2vw,18px);\r\n      padding-bottom:clamp(42px,5vw,82px);\r\n    }\r\n    #for-agencies-model .fa-h2{\r\n      font-size:clamp(32px,4vw,56px);\r\n      line-height:1.08;\r\n      margin-bottom:20px;\r\n    }\r\n    #for-agencies-model .fa-grid{\r\n      display:grid;\r\n      grid-template-columns:repeat(3,minmax(0,1fr));\r\n      gap:18px;\r\n      margin-bottom:18px;\r\n    }\r\n    #for-agencies-model .fa-card{\r\n      padding:24px 22px;\r\n      border:1px solid rgba(255,255,255,.10);\r\n      border-radius:22px;\r\n      background:linear-gradient(180deg,rgba(255,255,255,.025) 0%, rgba(255,255,255,.01) 100%);\r\n    }\r\n    #for-agencies-model .fa-card h3{\r\n      margin:0 0 12px;\r\n      color:#f1e3c9;\r\n      font-family:'Cormorant Garamond',Georgia,serif;\r\n      font-weight:400;\r\n      font-size:clamp(24px,2.3vw,34px);\r\n      line-height:1.12;\r\n    }\r\n    @media (max-width:1024px){\r\n      #for-agencies-model .fa-grid{\r\n        grid-template-columns:1fr;\r\n      }\r\n    }\r\n    @media (max-width:767px){\r\n      #for-agencies-model .fa-card{\r\n        padding:20px 18px;\r\n      }\r\n    }\r\n  <\/style>\r\n  <div class=\"fa-wrap\">\r\n    <div class=\"fa-inner\">\r\n      <div class=\"fa-lbl\">Arbeitsmodell<\/div>\r\n      <h2 class=\"fa-h2\">Wie Projekte strukturiert sind<\/h2>\r\n      <div class=\"fa-grid\">\r\n        <article class=\"fa-card\">\r\n          <h3>Innerhalb einer agenturgef\u00fchrten Struktur<\/h3>\r\n          <p>\r\n            Wenn der kreative und produktionstechnische Rahmen bereits steht, arbeitet Burak innerhalb dieses Systems als Fotograf - er passt sich dem Treatment an, arbeitet mit Produzenten und Art Directors zusammen und sorgt f\u00fcr konsistente Standbilder.\r\n          <\/p>\r\n        <\/article>\r\n        <article class=\"fa-card\">\r\n          <h3>Unmittelbar auf der Bildebene<\/h3>\r\n          <p>\r\n            Bei einigen Auftr\u00e4gen bleibt mehr Spielraum f\u00fcr die endg\u00fcltige visuelle Ausrichtung. In solchen Situationen tr\u00e4gt Burak aktiver zu Beleuchtung, Ton, Komposition und der Art und Weise bei, wie die Assets in verschiedenen Verwendungen zusammenhalten.\r\n          <\/p>\r\n        <\/article>\r\n        <article class=\"fa-card\">\r\n          <h3>Erweitert, wenn der Anwendungsbereich es erfordert<\/h3>\r\n          <p>\r\n            Die fotografische Leitung bleibt pers\u00f6nlich, w\u00e4hrend bei Bedarf Unterst\u00fctzung geleistet wird - Assistenten, Styling, Make-up, Retusche und Produktionskoordination. Wenn ein Briefing Fotos und Video erfordert, kann die Produktion durch LUX Prod\u00fcksiyon erweitert werden.\r\n          <\/p>\r\n        <\/article>\r\n      <\/div>\r\n    <\/div>\r\n  <\/div>\r\n<\/section>\t\t\t\t<\/div>\n\t\t\t\t<div class=\"elementor-element elementor-element-1f92ef9 elementor-widget elementor-widget-html\" data-id=\"1f92ef9\" data-element_type=\"widget\" data-e-type=\"widget\" data-widget_type=\"html.default\">\n\t\t\t\t\t<section class=\"hp-dark\" id=\"for-agencies-usecases\" style=\"background:#050505;color:#fff;\">\r\n  <style>\r\n    #for-agencies-usecases .fa-wrap{\r\n      padding-top:clamp(10px,2vw,18px);\r\n      padding-bottom:clamp(42px,5vw,82px);\r\n    }\r\n    #for-agencies-usecases .fa-h2{\r\n      font-size:clamp(32px,4vw,56px);\r\n      line-height:1.08;\r\n      margin-bottom:20px;\r\n    }\r\n    #for-agencies-usecases .fa-grid{\r\n      display:grid;\r\n      grid-template-columns:repeat(2,minmax(0,1fr));\r\n      gap:18px;\r\n      margin-bottom:18px;\r\n    }\r\n    #for-agencies-usecases .fa-card{\r\n      padding:24px 22px;\r\n      border:1px solid rgba(255,255,255,.10);\r\n      border-radius:22px;\r\n      background:linear-gradient(180deg,rgba(255,255,255,.025) 0%, rgba(255,255,255,.01) 100%);\r\n    }\r\n    #for-agencies-usecases .fa-card h3{\r\n      margin:0 0 12px;\r\n      color:#f1e3c9;\r\n      font-family:'Cormorant Garamond',Georgia,serif;\r\n      font-weight:400;\r\n      font-size:clamp(24px,2.3vw,34px);\r\n      line-height:1.12;\r\n    }\r\n    @media (max-width:1024px){\r\n      #for-agencies-usecases .fa-grid{\r\n        grid-template-columns:1fr;\r\n      }\r\n    }\r\n    @media (max-width:767px){\r\n      #for-agencies-usecases .fa-card{\r\n        padding:20px 18px;\r\n      }\r\n    }\r\n  <\/style>\r\n  <div class=\"fa-wrap\">\r\n    <div class=\"fa-inner\">\r\n      <div class=\"fa-lbl\">Geeignete Unterhosen<\/div>\r\n      <h2 class=\"fa-h2\">Wo dies in der Regel am n\u00fctzlichsten ist<\/h2>\r\n      <div class=\"fa-grid\">\r\n        <article class=\"fa-card\">\r\n          <h3>Kampagne und Key Visual Stills<\/h3>\r\n          <p>\r\n            Projekte, die eher ein zentrales Bild, eine koh\u00e4rente visuelle Sprache oder eine kontrollierte, auf die Kampagne ausgerichtete Asset-Struktur ben\u00f6tigen als eine breite Abdeckung.\r\n          <\/p>\r\n        <\/article>\r\n        <article class=\"fa-card\">\r\n          <h3>Sch\u00f6nheit, Produkt auf der Haut und Portr\u00e4ts<\/h3>\r\n          <p>\r\n            Briefs, bei denen Oberfl\u00e4che, Haut, Verpackung und Licht sich pr\u00e4zise und raffiniert anf\u00fchlen und an verschiedenen Orten eingesetzt werden k\u00f6nnen m\u00fcssen, ohne dass der visuelle Charakter verloren geht.\r\n          <\/p>\r\n        <\/article>\r\n        <article class=\"fa-card\">\r\n          <h3>Schmuck und Gegenst\u00e4nde<\/h3>\r\n          <p>\r\n            Auftr\u00e4ge, bei denen Reflexionskontrolle, Materialpr\u00e4senz und Wertwahrnehmung ebenso wichtig sind wie Klarheit und technische Ausf\u00fchrung.\r\n          <\/p>\r\n        <\/article>\r\n        <article class=\"fa-card\">\r\n          <h3>Portr\u00e4t der F\u00fchrungskraft und Bilder aus der Einf\u00fchrungsphase<\/h3>\r\n          <p>\r\n            Portr\u00e4ts und Fotos, die sich strukturiert anf\u00fchlen und sofort f\u00fcr die Kommunikation in der Presse, in sozialen Netzwerken und bei der Markteinf\u00fchrung verwendet werden k\u00f6nnen.\r\n          <\/p>\r\n        <\/article>\r\n      <\/div>\r\n    <\/div>\r\n  <\/div>\r\n<\/section>\t\t\t\t<\/div>\n\t\t\t\t<div class=\"elementor-element elementor-element-fba29f8 elementor-widget elementor-widget-html\" data-id=\"fba29f8\" data-element_type=\"widget\" data-e-type=\"widget\" data-widget_type=\"html.default\">\n\t\t\t\t\t<section class=\"hp-dark\" id=\"for-agencies-cta\" style=\"background:#070707;color:#fff;\">\r\n  <style>\r\n    #for-agencies-cta .fa-wrap{\r\n      padding-top:clamp(10px,2vw,18px);\r\n      padding-bottom:clamp(52px,6vw,96px);\r\n    }\r\n    #for-agencies-cta .fa-h2{\r\n      font-size:clamp(32px,4vw,56px);\r\n      line-height:1.08;\r\n      margin-bottom:20px;\r\n    }\r\n    #for-agencies-cta .fa-grid{\r\n      display:grid;\r\n      grid-template-columns:1fr 1fr;\r\n      gap:18px;\r\n      margin-bottom:22px;\r\n    }\r\n    #for-agencies-cta .fa-card{\r\n      padding:24px 22px;\r\n      border:1px solid rgba(255,255,255,.10);\r\n      border-radius:22px;\r\n      background:#0d0d0d;\r\n    }\r\n    #for-agencies-cta .fa-card h3{\r\n      margin:0 0 12px;\r\n      color:#fff;\r\n      font-family:'Cormorant Garamond',Georgia,serif;\r\n      font-weight:300;\r\n      font-size:clamp(26px,2.5vw,38px);\r\n      line-height:1.1;\r\n    }\r\n    #for-agencies-cta .fa-brief{\r\n      list-style:none;\r\n      padding:0;\r\n      margin:0;\r\n    }\r\n    #for-agencies-cta .fa-brief li{\r\n      position:relative;\r\n      padding-left:20px;\r\n      margin:0 0 8px;\r\n    }\r\n    #for-agencies-cta .fa-brief li:before{\r\n      content:\"\";\r\n      position:absolute;\r\n      left:0;\r\n      top:.82em;\r\n      width:7px;\r\n      height:7px;\r\n      border-radius:50%;\r\n      background:#d4a96a;\r\n      transform:translateY(-50%);\r\n    }\r\n    #for-agencies-cta .fa-cta{\r\n      margin-top:22px;\r\n      padding:28px 24px;\r\n      border-left:3px solid #d4a96a;\r\n      border-radius:0 22px 22px 0;\r\n      background:#101010;\r\n    }\r\n    #for-agencies-cta .fa-h3{\r\n      font-size:clamp(28px,3vw,42px);\r\n      line-height:1.1;\r\n      margin-bottom:10px;\r\n    }\r\n    @media (max-width:1024px){\r\n      #for-agencies-cta .fa-grid{\r\n        grid-template-columns:1fr;\r\n      }\r\n    }\r\n    @media (max-width:767px){\r\n      #for-agencies-cta .fa-card,\r\n      #for-agencies-cta .fa-cta{\r\n        padding:20px 18px;\r\n      }\r\n    }\r\n  <\/style>\r\n\r\n  <div class=\"fa-wrap\">\r\n    <div class=\"fa-inner\">\r\n      <div class=\"fa-lbl\">Praktische Ansatzpunkte<\/div>\r\n      <h2 class=\"fa-h2\">Mit Sitz in Berlin und Istanbul. Verf\u00fcgbar f\u00fcr Projekte in ganz Europa und im Vereinigten K\u00f6nigreich.<\/h2>\r\n\r\n      <div class=\"fa-grid\">\r\n        <article class=\"fa-card\">\r\n          <h3>N\u00fctzliche Angaben zur ersten Anfrage<\/h3>\r\n          <ul class=\"fa-brief\">\r\n            <li>Projekttyp oder kurze Zusammenfassung<\/li>\r\n            <li>Stadt oder Drehort<\/li>\r\n            <li>Erwartete Ergebnisse<\/li>\r\n            <li>Zeitleiste oder wichtige Daten<\/li>\r\n            <li>Verwendungskontext, falls bereits definiert<\/li>\r\n          <\/ul>\r\n        <\/article>\r\n\r\n        <article class=\"fa-card\">\r\n          <h3>Ausgew\u00e4hlte Arbeiten<\/h3>\r\n          <p class=\"fa-note\">\r\n            F\u00fcr einen genaueren Blick auf bestimmte Bereiche finden Sie unten die wichtigsten Portfolioseiten.\r\n          <\/p>\r\n          <div style=\"display:flex;flex-wrap:wrap;gap:8px;margin-top:12px;\">\r\n            <a style=\"display:inline-block;font-size:11px;letter-spacing:2px;text-transform:uppercase;color:#d4a96a;text-decoration:none;padding:6px 12px;border:1px solid rgba(212,169,106,.25);border-radius:999px;transition:border-color .2s\" href=\"\/de\/arbeit\/kampagnen\/\">Kampagnen<\/a>\r\n            <a style=\"display:inline-block;font-size:11px;letter-spacing:2px;text-transform:uppercase;color:#d4a96a;text-decoration:none;padding:6px 12px;border:1px solid rgba(212,169,106,.25);border-radius:999px;transition:border-color .2s\" href=\"\/de\/arbeit\/schonheitskosmetik\/\">Sch\u00f6nheit<\/a>\r\n            <a style=\"display:inline-block;font-size:11px;letter-spacing:2px;text-transform:uppercase;color:#d4a96a;text-decoration:none;padding:6px 12px;border:1px solid rgba(212,169,106,.25);border-radius:999px;transition:border-color .2s\" href=\"\/de\/arbeit\/schmuck\/\">Schmuck<\/a>\r\n            <a style=\"display:inline-block;font-size:11px;letter-spacing:2px;text-transform:uppercase;color:#d4a96a;text-decoration:none;padding:6px 12px;border:1px solid rgba(212,169,106,.25);border-radius:999px;transition:border-color .2s\" href=\"\/de\/markenpartnerschaften\/\">Partnerschaften<\/a>\r\n          <\/div>\r\n        <\/article>\r\n      <\/div>\r\n\r\n      <div class=\"fa-cta\">\r\n        <h3 class=\"fa-h3\">F\u00fcr den Anfang reicht ein kurzer Abriss.<\/h3>\r\n        <p class=\"fa-p\" style=\"margin:0;\">\r\n          <a href=\"mailto:info@burakbulut.info\" style=\"color:#d4a96a;text-decoration:none\">info@burakbulut.info<\/a>\r\n        <\/p>\r\n      <\/div>\r\n    <\/div>\r\n  <\/div>\r\n<\/section>\t\t\t\t<\/div>\n\t\t\t\t<div class=\"elementor-element elementor-element-466371a elementor-widget elementor-widget-html\" data-id=\"466371a\" data-element_type=\"widget\" data-e-type=\"widget\" data-widget_type=\"html.default\">\n\t\t\t\t\t<section class=\"hp-dark\" id=\"for-agencies-final-cta\" style=\"background:#050505;color:#fff;\">\r\n  <style>\r\n    #for-agencies-final-cta .fa-wrap{\r\n      max-width:1280px;\r\n      margin:0 auto;\r\n      padding:clamp(10px,2vw,18px) clamp(18px,3vw,34px) clamp(64px,7vw,110px);\r\n      font-family:Inter,Arial,sans-serif;\r\n    }\r\n    #for-agencies-final-cta .fa-inner{\r\n      max-width:1180px;\r\n      margin:0 auto;\r\n    }\r\n    #for-agencies-final-cta .fa-panel{\r\n      padding:clamp(28px,3vw,40px);\r\n      border:1px solid rgba(255,255,255,.10);\r\n      border-radius:28px;\r\n      background:linear-gradient(180deg,rgba(255,255,255,.035) 0%, rgba(255,255,255,.015) 100%);\r\n      text-align:center;\r\n    }\r\n    #for-agencies-final-cta .fa-lbl{\r\n      display:inline-block;\r\n      margin:0 0 16px;\r\n      color:#d4a96a;\r\n      font:500 11px\/1.2 Inter,Arial,sans-serif;\r\n      letter-spacing:4px;\r\n      text-transform:uppercase;\r\n    }\r\n    #for-agencies-final-cta .fa-h2{\r\n      margin:0 0 14px;\r\n      color:#fff;\r\n      font-family:'Cormorant Garamond',Georgia,serif;\r\n      font-weight:300;\r\n      font-size:clamp(34px,4.2vw,60px);\r\n      line-height:1.06;\r\n      letter-spacing:.2px;\r\n    }\r\n    #for-agencies-final-cta .fa-p{\r\n      max-width:820px;\r\n      margin:0 auto 14px;\r\n      color:#c9c9c9;\r\n      font:400 16px\/1.8 Inter,Arial,sans-serif;\r\n    }\r\n    #for-agencies-final-cta .fa-link{\r\n      display:inline-block;\r\n      margin-top:18px;\r\n      font-size:11px;\r\n      letter-spacing:3px;\r\n      text-transform:uppercase;\r\n      color:#d4a96a;\r\n      text-decoration:none;\r\n      font-weight:500;\r\n      border-bottom:1px solid transparent;\r\n      transition:border-color .2s;\r\n    }\r\n    #for-agencies-final-cta .fa-link:hover{\r\n      border-bottom-color:#d4a96a;\r\n    }\r\n    @media (max-width:767px){\r\n      #for-agencies-final-cta .fa-wrap{\r\n        padding:8px 14px 68px;\r\n      }\r\n      #for-agencies-final-cta .fa-panel{\r\n        text-align:left;\r\n        padding:24px 18px;\r\n      }\r\n      #for-agencies-final-cta .fa-p{\r\n        margin-left:0;\r\n        margin-right:0;\r\n        font-size:15px;\r\n        line-height:1.72;\r\n      }\r\n    }\r\n  <\/style>\r\n  <div class=\"fa-wrap\">\r\n    <div class=\"fa-inner\">\r\n      <div class=\"fa-panel\">\r\n        <div class=\"fa-lbl\">Anfrage<\/div>\r\n        <h2 class=\"fa-h2\">Wenn der Auftrag einen klaren fotografischen Blickwinkel erfordert.<\/h2>\r\n        <p class=\"fa-p\">\r\n          Sie steht f\u00fcr Auftr\u00e4ge von Agenturen, direkte Markenproduktionen und ausgew\u00e4hlte Standbilder in den Bereichen Kampagnen, Sch\u00f6nheit, Schmuck, Portr\u00e4t und Performance zur Verf\u00fcgung.\r\n        <\/p>\r\n        <p class=\"fa-p\">\r\n          Eine kurze Skizze, ein Treatment oder eine Produktionsnotiz reichen f\u00fcr den Anfang aus.\r\n        <\/p>\r\n        <a class=\"fa-link\" href=\"mailto:info@burakbulut.info\">info@burakbulut.info<\/a>\r\n      <\/div>\r\n    <\/div>\r\n  <\/div>\r\n<\/section>\t\t\t\t<\/div>\n\t\t\t\t\t<\/div>\n\t\t\t\t<\/div>\n\t\t\t\t<\/div>","protected":false},"excerpt":{"rendered":"<p>For Agencies &amp; Production Photographer-led stills. Production-aware. Burak Bulut Y\u0131ld\u0131r\u0131m works with agencies, producers, art buyers, and direct brand teams on briefs that need a clear photographic point of view and authored lighting at image level \u2014 with trusted production support when the scope requires it. Campaigns Beauty Jewellery &amp; Objects Portraits Dance &amp; Performance&hellip;<\/p>","protected":false},"author":1,"featured_media":0,"parent":0,"menu_order":0,"comment_status":"closed","ping_status":"closed","template":"elementor_header_footer","meta":{"footnotes":""},"class_list":["post-25811","page","type-page","status-publish","hentry"],"_links":{"self":[{"href":"https:\/\/burakbulut.info\/de\/wp-json\/wp\/v2\/pages\/25811","targetHints":{"allow":["GET"]}}],"collection":[{"href":"https:\/\/burakbulut.info\/de\/wp-json\/wp\/v2\/pages"}],"about":[{"href":"https:\/\/burakbulut.info\/de\/wp-json\/wp\/v2\/types\/page"}],"author":[{"embeddable":true,"href":"https:\/\/burakbulut.info\/de\/wp-json\/wp\/v2\/users\/1"}],"replies":[{"embeddable":true,"href":"https:\/\/burakbulut.info\/de\/wp-json\/wp\/v2\/comments?post=25811"}],"version-history":[{"count":23,"href":"https:\/\/burakbulut.info\/de\/wp-json\/wp\/v2\/pages\/25811\/revisions"}],"predecessor-version":[{"id":25879,"href":"https:\/\/burakbulut.info\/de\/wp-json\/wp\/v2\/pages\/25811\/revisions\/25879"}],"wp:attachment":[{"href":"https:\/\/burakbulut.info\/de\/wp-json\/wp\/v2\/media?parent=25811"}],"curies":[{"name":"wp","href":"https:\/\/api.w.org\/{rel}","templated":true}]}}