{"id":2185,"date":"2023-03-12T19:02:26","date_gmt":"2023-03-12T19:02:26","guid":{"rendered":"https:\/\/burakbulut.info\/?page_id=2185"},"modified":"2026-05-03T01:27:01","modified_gmt":"2026-05-02T23:27:01","slug":"ana-sayfa-2","status":"publish","type":"page","link":"https:\/\/burakbulut.info\/tr\/","title":{"rendered":"20 Y\u0131ld\u0131r G\u00f6rsel Hikayeler Haz\u0131rl\u0131yoruz"},"content":{"rendered":"<div data-elementor-type=\"wp-page\" data-elementor-id=\"2185\" class=\"elementor elementor-2185\" data-elementor-post-type=\"page\">\n\t\t\t\t<div class=\"elementor-element elementor-element-c809afd e-flex e-con-boxed e-con e-parent\" data-id=\"c809afd\" data-element_type=\"container\" data-e-type=\"container\" data-settings=\"{&quot;background_background&quot;:&quot;classic&quot;}\">\n\t\t\t\t\t<div class=\"e-con-inner\">\n\t\t\t\t<div class=\"elementor-element elementor-element-8417a48 elementor-widget-widescreen__width-initial elementor-widget-laptop__width-initial skip-lazy elementor-widget elementor-widget-gallery\" data-id=\"8417a48\" data-element_type=\"widget\" data-e-type=\"widget\" data-settings=\"{&quot;columns&quot;:3,&quot;columns_tablet&quot;:3,&quot;columns_mobile&quot;:3,&quot;aspect_ratio&quot;:&quot;9:16&quot;,&quot;gallery_layout&quot;:&quot;grid&quot;,&quot;gap&quot;:{&quot;unit&quot;:&quot;px&quot;,&quot;size&quot;:10,&quot;sizes&quot;:[]},&quot;gap_widescreen&quot;:{&quot;unit&quot;:&quot;px&quot;,&quot;size&quot;:&quot;&quot;,&quot;sizes&quot;:[]},&quot;gap_laptop&quot;:{&quot;unit&quot;:&quot;px&quot;,&quot;size&quot;:10,&quot;sizes&quot;:[]},&quot;gap_tablet_extra&quot;:{&quot;unit&quot;:&quot;px&quot;,&quot;size&quot;:10,&quot;sizes&quot;:[]},&quot;gap_tablet&quot;:{&quot;unit&quot;:&quot;px&quot;,&quot;size&quot;:10,&quot;sizes&quot;:[]},&quot;gap_mobile&quot;:{&quot;unit&quot;:&quot;px&quot;,&quot;size&quot;:10,&quot;sizes&quot;:[]},&quot;link_to&quot;:&quot;file&quot;,&quot;overlay_background&quot;:&quot;yes&quot;,&quot;content_hover_animation&quot;:&quot;fade-in&quot;}\" data-widget_type=\"gallery.default\">\n\t\t\t\t\t\t\t<div class=\"elementor-gallery__container\">\n\t\t\t\t\t\t\t<a class=\"e-gallery-item elementor-gallery-item elementor-animated-content\" href=\"https:\/\/burakbulut.info\/wp-content\/uploads\/taki-fotograf-cekimi-dekorlu-fotomodelli-imaj-cekimi-12-1.webp\" data-elementor-open-lightbox=\"yes\" data-elementor-lightbox-slideshow=\"8417a48\" data-e-action-hash=\"#elementor-action%3Aaction%3Dlightbox%26settings%3DeyJpZCI6MjYyODUsInVybCI6Imh0dHBzOlwvXC9idXJha2J1bHV0LmluZm9cL3dwLWNvbnRlbnRcL3VwbG9hZHNcL3Rha2ktZm90b2dyYWYtY2VraW1pLWRla29ybHUtZm90b21vZGVsbGktaW1hai1jZWtpbWktMTItMS53ZWJwIiwic2xpZGVzaG93IjoiODQxN2E0OCJ9\">\n\t\t\t\t\t<div class=\"e-gallery-image elementor-gallery-item__image\" data-thumbnail=\"https:\/\/burakbulut.info\/wp-content\/uploads\/taki-fotograf-cekimi-dekorlu-fotomodelli-imaj-cekimi-12-1.webp\" data-width=\"1000\" data-height=\"1500\" aria-label=\"\" role=\"img\" ><\/div>\n\t\t\t\t\t\t\t\t\t\t\t<div class=\"elementor-gallery-item__overlay\"><\/div>\n\t\t\t\t\t\t\t\t\t\t\t\t\t\t<\/a>\n\t\t\t\t\t\t\t<a class=\"e-gallery-item elementor-gallery-item elementor-animated-content\" href=\"https:\/\/burakbulut.info\/wp-content\/uploads\/Burak-Bulut-Yildirim-Beauty01.webp\" data-elementor-open-lightbox=\"yes\" data-elementor-lightbox-slideshow=\"8417a48\" data-e-action-hash=\"#elementor-action%3Aaction%3Dlightbox%26settings%3DeyJpZCI6MjY0NTMsInVybCI6Imh0dHBzOlwvXC9idXJha2J1bHV0LmluZm9cL3dwLWNvbnRlbnRcL3VwbG9hZHNcL0J1cmFrLUJ1bHV0LVlpbGRpcmltLUJlYXV0eTAxLndlYnAiLCJzbGlkZXNob3ciOiI4NDE3YTQ4In0%3D\">\n\t\t\t\t\t<div class=\"e-gallery-image elementor-gallery-item__image\" data-thumbnail=\"https:\/\/burakbulut.info\/wp-content\/uploads\/Burak-Bulut-Yildirim-Beauty01.webp\" data-width=\"1202\" data-height=\"1800\" aria-label=\"\" role=\"img\" ><\/div>\n\t\t\t\t\t\t\t\t\t\t\t<div class=\"elementor-gallery-item__overlay\"><\/div>\n\t\t\t\t\t\t\t\t\t\t\t\t\t\t<\/a>\n\t\t\t\t\t\t\t<a class=\"e-gallery-item elementor-gallery-item elementor-animated-content\" href=\"https:\/\/burakbulut.info\/wp-content\/uploads\/DSC09931-kopya.webp\" data-elementor-open-lightbox=\"yes\" data-elementor-lightbox-slideshow=\"8417a48\" data-e-action-hash=\"#elementor-action%3Aaction%3Dlightbox%26settings%3DeyJpZCI6MjYxMDUsInVybCI6Imh0dHBzOlwvXC9idXJha2J1bHV0LmluZm9cL3dwLWNvbnRlbnRcL3VwbG9hZHNcL0RTQzA5OTMxLWtvcHlhLndlYnAiLCJzbGlkZXNob3ciOiI4NDE3YTQ4In0%3D\">\n\t\t\t\t\t<div class=\"e-gallery-image elementor-gallery-item__image\" data-thumbnail=\"https:\/\/burakbulut.info\/wp-content\/uploads\/DSC09931-kopya.webp\" data-width=\"1280\" data-height=\"1600\" aria-label=\"\" role=\"img\" ><\/div>\n\t\t\t\t\t\t\t\t\t\t\t<div class=\"elementor-gallery-item__overlay\"><\/div>\n\t\t\t\t\t\t\t\t\t\t\t\t\t\t<\/a>\n\t\t\t\t\t<\/div>\n\t\t\t\t\t<\/div>\n\t\t\t\t<div class=\"elementor-element elementor-element-af160a5 elementor-widget-tablet__width-inherit elementor-widget elementor-widget-html\" data-id=\"af160a5\" data-element_type=\"widget\" data-e-type=\"widget\" data-widget_type=\"html.default\">\n\t\t\t\t\t<div class=\"hp-dark\">\r\n  <div class=\"hp-s\" style=\"padding-bottom:clamp(40px,6vw,80px);text-align:center\">\r\n    <p style=\"font-size:11px;letter-spacing:6px;text-transform:uppercase;color:#d4a96a;margin:0 0 16px\">BERLI\u0307N - I\u0307STANBUL <br> LonDON (Proje)<\/p>\r\n    <h1 style=\"font-family:'Cormorant Garamond',Georgia,serif;font-size:clamp(38px,7vw,78px);font-weight:300;line-height:1.05;color:#fff;margin:0 0 14px\">Burak Bulut Y\u0131ld\u0131r\u0131m<\/h1>\r\n    <p style=\"font-family:'Cormorant Garamond',Georgia,serif;font-size:clamp(18px,2.4vw,26px);font-weight:300;font-style:italic;color:#d4d4d4;margin:0 0 18px\">Foto\u011fraf\u00e7\u0131 liderli\u011findeki Prod\u00fcksiyon Orta\u011f\u0131<\/p>\r\n    <p style=\"max-width:820px;margin:0 auto 28px;font-size:clamp(14px,1.45vw,17px);line-height:1.85;color:#d4d4d4\">\r\n      Markalar ve ajanslar i\u00e7in kampanya, g\u00fczellik, m\u00fccevher, portre ve performans foto\u011fraf\u00e7\u0131l\u0131\u011f\u0131.\r\n    <\/p>\r\n    <div class=\"hp-hero-btns\" style=\"display:flex;gap:14px;flex-wrap:wrap;justify-content:center\">\r\n      <a href=\"#work\" style=\"display:inline-block;padding:14px 32px;border:1px solid rgba(255,255,255,0.5);color:#fff;font-size:11px;letter-spacing:3px;text-transform:uppercase;font-weight:500;text-decoration:none\">\u0130\u015e\u0130 G\u00d6R\u00dcNT\u00dcLE<\/a>\r\n    <\/div>\r\n    <div style=\"display:flex;gap:12px 18px;flex-wrap:wrap;justify-content:center;margin-top:26px\">\r\n      <a href=\"\/tr\/is\/kampanyalar\/\" style=\"font-size:11px;letter-spacing:2px;text-transform:uppercase;color:#d4d4d4;text-decoration:none\">Kampanyalar<\/a>\r\n      <a href=\"\/tr\/is\/guzellik-kozmetik\/\" style=\"font-size:11px;letter-spacing:2px;text-transform:uppercase;color:#d4d4d4;text-decoration:none\">G\u00fczellik<\/a>\r\n      <a href=\"\/tr\/is\/mucevher\/\" style=\"font-size:11px;letter-spacing:2px;text-transform:uppercase;color:#d4d4d4;text-decoration:none\">Tak\u0131lar &amp; Objeler<\/a>\r\n      <span style=\"font-size:11px;letter-spacing:2px;text-transform:uppercase;color:#d4d4d4\">Portreler<\/span>\r\n      <a href=\"\/tr\/is\/dans\/\" style=\"font-size:11px;letter-spacing:2px;text-transform:uppercase;color:#d4d4d4;text-decoration:none\">Dans ve Performans<\/a>\r\n    <\/div>\r\n    <p style=\"font-size:11px;letter-spacing:1.5px;color:#b3b3b3;text-transform:uppercase;margin:36px 0 0\">Sony Avrupa G\u00f6r\u00fcnt\u00fcleme El\u00e7isi - 2005'ten beri - BPP - IGBK - RPS<\/p>\r\n  <\/div>\r\n<\/div>\t\t\t\t<\/div>\n\t\t\t\t<div class=\"elementor-element elementor-element-4103aae elementor-widget-tablet__width-inherit elementor-widget elementor-widget-html\" data-id=\"4103aae\" data-element_type=\"widget\" data-e-type=\"widget\" data-widget_type=\"html.default\">\n\t\t\t\t\t<style>\r\n.pos-tag{font-family:'Cormorant Garamond',Georgia,serif;font-size:clamp(24px,4.2vw,52px);font-weight:300;font-style:italic;line-height:1.15;color:#f3f3f3;max-width:860px;margin:0 auto 28px;text-align:center}\r\n.pos-tag em{color:#d4a96a}\r\n.pos-txt{font-size:clamp(15px,1.4vw,17px);color:#d4d4d4;line-height:1.9;max-width:820px;margin:0 auto;text-align:center}\r\n.br-logos{display:flex;gap:clamp(24px,4vw,48px);flex-wrap:wrap;justify-content:center;margin:28px 0 0}\r\n.br-logo{font-size:clamp(12px,1.2vw,14px);letter-spacing:4px;text-transform:uppercase;color:#999;font-weight:400;transition:color .3s}\r\n.br-logo:hover{color:#fff}\r\n.hiw-g{display:grid;grid-template-columns:repeat(3,1fr);gap:clamp(20px,4vw,48px);margin-top:36px}\r\n@media(max-width:768px){.hiw-g{grid-template-columns:1fr;gap:32px}}\r\n.hiw-s{padding-top:18px;border-top:1px solid rgba(255,255,255,.1)}\r\n.hiw-st{font-size:11px;letter-spacing:3px;text-transform:uppercase;color:#d4a96a;font-weight:500;margin-bottom:12px}\r\n.hiw-sp{font-size:14px;color:#d4d4d4;line-height:1.8}\r\n.ag-tease{max-width:760px;margin:0 auto;text-align:center}\r\n.ag-link{display:inline-block;margin-top:18px;font-size:11px;letter-spacing:3px;text-transform:uppercase;color:#d4a96a;text-decoration:none;font-weight:500;border-bottom:1px solid transparent;transition:border-color .2s}\r\n.ag-link:hover{border-bottom-color:#d4a96a}\r\n.hp-dark .hp-h2{color:#fff !important}\r\n.hp-dark .hp-h2 em{color:#d4a96a !important}\r\n.hp-dark .hp-p{color:#d4d4d4}\r\n.hp-dark .hp-lbl{color:#d4a96a}\r\n.hp-dark .hp-btn{color:#fff;text-decoration:none;border-color:rgba(255,255,255,.35)}\r\n.hp-dark .hp-btn:hover{border-color:#d4a96a;color:#fff}\r\n.hp-alt .hp-p{color:#d4d4d4}\r\n.hp-alt .hp-lbl{color:#fff}\r\n<\/style>\r\n\r\n<div class=\"hp\">\r\n\r\n  <!-- THE PRACTICE -->\r\n  <div class=\"hp-dark\">\r\n    <div class=\"hp-s\">\r\n      <div class=\"hiw-g\">\r\n        <div class=\"hiw-s\">\r\n          <h3 class=\"hiw-st\">Yazar Y\u00f6n\u00fc<\/h3>\r\n          <p class=\"hiw-sp\">Portre, g\u00fczellik, hareket ve ince sanat derinli\u011fi ile \u015fekillenen farkl\u0131 bir foto\u011frafik dil.<\/p>\r\n        <\/div>\r\n        <div class=\"hiw-s\">\r\n          <h3 class=\"hiw-st\">Ayd\u0131nlatma Hassasiyeti<\/h3>\r\n          <p class=\"hiw-sp\">Cilt, y\u00fczey, atmosfer ve form i\u00e7in kontroll\u00fc \u0131\u015f\u0131k.<\/p>\r\n        <\/div>\r\n        <div class=\"hiw-s\">\r\n          <h3 class=\"hiw-st\">\u00dcretim Deste\u011fi<\/h3>\r\n          <p class=\"hiw-sp\">Bir brief daha fazlas\u0131n\u0131 gerektirdi\u011finde LUX Prod\u00fcksiyon arac\u0131l\u0131\u011f\u0131yla \u00f6l\u00e7eklendirilebilir destekle devreye al\u0131nan foto\u011fraflar.<\/p>\r\n        <\/div>\r\n      <\/div>\r\n    <\/div>\r\n  <\/div>\r\n\r\n  <hr class=\"hp-div\">\r\n\r\n  <!-- SELECTED CLIENTS -->\r\n  <div class=\"hp-dark\">\r\n    <div class=\"hp-s\" style=\"text-align:center\">\r\n      <p class=\"hp-lbl\" style=\"justify-content:center\">Se\u00e7ilmi\u015f M\u00fc\u015fteriler<\/p>\r\n      <div class=\"br-logos\">\r\n        <span class=\"br-logo\">Sony<\/span>\r\n        <span class=\"br-logo\">Xiaomi<\/span>\r\n        <span class=\"br-logo\">Microsoft<\/span>\r\n        <span class=\"br-logo\">IKEA<\/span>\r\n        <span class=\"br-logo\">Siemens<\/span>\r\n        <span class=\"br-logo\">Durex<\/span>\r\n      <\/div>\r\n    <\/div>\r\n  <\/div>\r\n\r\n  <hr class=\"hp-div\">\r\n\r\n  <!-- FOR AGENCIES -->\r\n  <div class=\"hp-alt\">\r\n    <div class=\"hp-s\">\r\n      <div class=\"ag-tease\">\r\n        <p class=\"hp-lbl\" style=\"justify-content:center\">Ajanslar ve Prod\u00fcksiyon i\u00e7in<\/p>\r\n        <h2 class=\"pos-tag\">G\u00f6revlendirilmi\u015f foto\u011fraflar.<br><em>Ajans i\u00e7in haz\u0131r netlik.<\/em><\/h2>\r\n        <p class=\"pos-txt\">\r\n          Kampanyaya y\u00f6nelik briefler, g\u00fczellik, m\u00fccevher, portre i\u015fleri ve prod\u00fcksiyon odakl\u0131 se\u00e7kin i\u015fbirlikleri i\u00e7in kullan\u0131labilir.\r\n        <\/p>\r\n        <a href=\"\/tr\/ajans-produksi%cc%87yonlari-i%cc%87ci%cc%87n\/\" class=\"ag-link\">Ajans Sayfas\u0131n\u0131 G\u00f6r\u00fcnt\u00fcle<\/a>\r\n      <\/div>\r\n    <\/div>\r\n  <\/div>\r\n\r\n<\/div>\t\t\t\t<\/div>\n\t\t\t\t<div class=\"elementor-element elementor-element-f7b050c elementor-widget-tablet__width-inherit elementor-widget elementor-widget-html\" data-id=\"f7b050c\" data-element_type=\"widget\" data-e-type=\"widget\" data-widget_type=\"html.default\">\n\t\t\t\t\t<style>\r\n.pr-list{display:flex;flex-wrap:wrap;justify-content:center;gap:8px;margin-top:16px}\r\n.pr-item{display:inline-block;font-size:clamp(10px,1vw,12px);letter-spacing:2px;text-transform:uppercase;color:#d4d4d4;padding:7px 13px;border:1px solid rgba(255,255,255,.1);font-weight:300;transition:all .3s;text-decoration:none}\r\n.pr-item:hover{color:#fff;border-color:#d4a96a}\r\n.bey-lay{display:grid;grid-template-columns:1fr 1fr;gap:clamp(28px,5vw,64px);align-items:center}\r\n@media(max-width:768px){.bey-lay{grid-template-columns:1fr}}\r\n.bey-img{aspect-ratio:3\/4;background-size:cover;background-position:center;background-color:#1a1a1a}\r\n.bey-k{font-family:'Cormorant Garamond',Georgia,serif;font-style:italic;font-size:clamp(16px,1.6vw,19px);color:#d4a96a;margin-top:16px;line-height:1.6}\r\n.eco-g{display:grid;grid-template-columns:repeat(2,1fr);gap:2px;margin-top:24px}\r\n@media(max-width:700px){.eco-g{grid-template-columns:1fr}}\r\n.eco-c{background:#1a1a1a;padding:clamp(20px,2.5vw,32px);display:flex;flex-direction:column;justify-content:space-between;min-height:150px;transition:background .3s;text-decoration:none}\r\n.eco-c:hover{background:#222}\r\n.eco-ct{font-family:'Cormorant Garamond',Georgia,serif;font-size:clamp(16px,1.7vw,20px);font-weight:400;color:#fff;margin-bottom:8px}\r\n.eco-cp{font-size:12px;color:#999;line-height:1.5;margin-bottom:14px}\r\n.eco-cl{font-size:10px;letter-spacing:2px;text-transform:uppercase;color:#d4a96a;font-weight:500}\r\n.cta-t{font-family:'Cormorant Garamond',Georgia,serif;font-size:clamp(30px,4.5vw,56px);font-weight:300;font-style:italic;line-height:1.15;color:#f3f3f3;margin-bottom:16px}\r\n.cta-t em{color:#d4a96a}\r\n.cta-p{font-size:clamp(15px,1.4vw,16px);color:#d4d4d4;max-width:620px;margin:0 auto 28px;line-height:1.7}\r\n.hp-dark .hp-h2{color:#fff !important}\r\n.hp-dark .hp-h2 em{color:#d4a96a !important}\r\n.hp-dark .hp-p{color:#d4d4d4}\r\n.hp-dark .hp-lbl{color:#d4a96a}\r\n.hp-dark .hp-btn{color:#fff;text-decoration:none;border-color:rgba(255,255,255,.35)}\r\n.hp-dark .hp-btn:hover{border-color:#d4a96a;color:#fff}\r\n.hp-alt .hp-p{color:#d4d4d4}\r\n.hp-alt .hp-lbl{color:#fff}\r\n<\/style>\r\n\r\n<div class=\"hp\">\r\n\r\n  <!-- SELECTED WORK -->\r\n  <div class=\"hp-alt\" id=\"work\">\r\n    <div class=\"hp-s\" style=\"text-align:center;padding-top:clamp(36px,5vw,60px);padding-bottom:clamp(36px,5vw,60px)\">\r\n      <p class=\"hp-lbl\" style=\"justify-content:center\">\u0130\u015f<\/p>\r\n      <h2 class=\"hp-h2\" style=\"text-align:center;color:#f3f3f3\">Se\u00e7ilmi\u015f <em style=\"color:#d4a96a\">\u0130\u015f<\/em><\/h2>\r\n      <p class=\"hp-p\" style=\"max-width:760px;margin:0 auto 18px\">G\u00f6revlendirilmi\u015f foto\u011fraf, portre ve hareket odakl\u0131 imaj olu\u015fturma \u00fczerine odaklanm\u0131\u015f bir se\u00e7ki.<\/p>\r\n      <div class=\"pr-list\">\r\n        <a href=\"\/tr\/is\/kampanyalar\/\" class=\"pr-item\">Kampanyalar<\/a>\r\n        <a href=\"\/tr\/is\/guzellik-kozmetik\/\" class=\"pr-item\">G\u00fczellik<\/a>\r\n        <a href=\"\/tr\/is\/mucevher\/\" class=\"pr-item\">Tak\u0131lar &amp; Objeler<\/a>\r\n        <span class=\"pr-item\">Portreler<\/span>\r\n        <a href=\"\/tr\/is\/dans\/\" class=\"pr-item\">Dans ve Performans<\/a>\r\n      <\/div>\r\n    <\/div>\r\n  <\/div>\r\n\r\n  <hr class=\"hp-div\">\r\n\r\n  <!-- FINE ART -->\r\n  <div class=\"hp-alt\">\r\n    <div class=\"hp-s\">\r\n      <div class=\"bey-lay\">\r\n        <div class=\"bey-img\" style=\"background-image:url('https:\/\/burakbulut.info\/wp-content\/uploads\/UNNUDE-BURAK-BULUT-YILDIRIM-03-1.webp')\"><\/div>\r\n        <div>\r\n          <p class=\"hp-lbl\">G\u00fczel Sanatlar<\/p>\r\n          <h2 class=\"hp-h2\" style=\"color:#f3f3f3\">Ayn\u0131'n\u0131n Par\u00e7as\u0131 <em style=\"color:#d4a96a\">Foto\u011frafik Bak\u0131\u015f<\/em><\/h2>\r\n          <p class=\"hp-p\">Berlin, \u0130stanbul, Z\u00fcrih, Roma ve Barselona'da sergilenen beden, \u0131\u015f\u0131k, malzeme m\u00fcdahalesi ve yaz\u0131l\u0131 g\u00f6rsel gerilimle \u015fekillenen paralel bir g\u00fczel sanatlar prati\u011fi.<\/p>\r\n          <p class=\"hp-p\" style=\"margin-top:14px\">Bu uygulama, sipari\u015f edilen \u00e7al\u0131\u015fmay\u0131 daha g\u00fc\u00e7l\u00fc bir k\u0131s\u0131tlama, daha b\u00fcy\u00fck bir bi\u00e7imsel disiplin ve daha belirgin bir bak\u0131\u015f a\u00e7\u0131s\u0131yla besliyor.<\/p>\r\n          <p class=\"bey-k\">Ayr\u0131 bir departman de\u011fil. Ayn\u0131 g\u00f6z, bir brief olmadan \u00e7al\u0131\u015f\u0131yor.<\/p>\r\n          <a href=\"https:\/\/burakbulut.org\/\" target=\"_blank\" class=\"hp-btn\" rel=\"noopener\">Fine Art'\u0131 ziyaret edin<\/a>\r\n        <\/div>\r\n      <\/div>\r\n    <\/div>\r\n  <\/div>\r\n\r\n  <hr class=\"hp-div\">\r\n\r\n  <!-- MINIMAL CROSS-LINKS -->\r\n  <div class=\"hp-dark\">\r\n    <div class=\"hp-s\">\r\n      <div class=\"eco-g\">\r\n        <a href=\"https:\/\/burakbulut.net\/\" target=\"_blank\" class=\"eco-c\" rel=\"noopener\">\r\n          <div>\r\n            <h4 class=\"eco-ct\">LUX Prod\u00fcksiyon<\/h4>\r\n            <p class=\"eco-cp\">Foto\u011fraf, video ve geni\u015fletilmi\u015f prod\u00fcksiyon briefleri i\u00e7in ticari prod\u00fcksiyon altyap\u0131s\u0131.<\/p>\r\n          <\/div>\r\n          <span class=\"eco-cl\">burakbulut.net \u2192<\/span>\r\n        <\/a>\r\n        <a href=\"https:\/\/burakbulut.org\/\" target=\"_blank\" class=\"eco-c\" rel=\"noopener\">\r\n          <div>\r\n            <h4 class=\"eco-ct\">G\u00fczel Sanatlar<\/h4>\r\n            <p class=\"eco-cp\">Dizi \u00e7al\u0131\u015fmalar\u0131, sergiler ve daha geni\u015f sanatsal ar\u015fiv.<\/p>\r\n          <\/div>\r\n          <span class=\"eco-cl\">burakbulut.org \u2192<\/span>\r\n        <\/a>\r\n      <\/div>\r\n    <\/div>\r\n  <\/div>\r\n\r\n  <!-- FINAL CONTACT -->\r\n  <div class=\"hp-alt\">\r\n    <div class=\"hp-s\" style=\"text-align:center;padding:clamp(60px,10vw,140px) clamp(20px,4vw,60px)\">\r\n      <h2 class=\"cta-t\">Komisyonlar, ortakl\u0131klar i\u00e7in<br><em>veya \u00fcretim talepleri.<\/em><\/h2>\r\n      <p class=\"cta-p\">Kampanyaya y\u00f6nelik foto\u011fraflar, portre \u00e7al\u0131\u015fmalar\u0131, marka i\u015fbirlikleri ve prod\u00fcksiyon g\u00f6r\u00fc\u015fmeleri.<\/p>\r\n      <p style=\"margin-top:18px;font-size:12px;letter-spacing:2px;color:#777\">\r\n        <a href=\"mailto:info@burakbulut.info\" style=\"color:#d4a96a;text-decoration:none\">info@burakbulut.info<\/a>\r\n      <\/p>\r\n    <\/div>\r\n  <\/div>\r\n\r\n<\/div>\t\t\t\t<\/div>\n\t\t\t\t\t<\/div>\n\t\t\t\t<\/div>\n\t\t\t\t<\/div>","protected":false},"excerpt":{"rendered":"<p>BERLIN \u2014 ISTANBUL LonDON (Project) Burak Bulut Y\u0131ld\u0131r\u0131m Photographer-led Production Partner Campaign, beauty, jewellery, portrait and performance photography for brands and agencies. VIEW WORK Campaigns Beauty Jewellery &amp; Objects Portraits Dance &amp; Performance Sony Europe Imaging Ambassador \u00b7 Since 2005 \u00b7 BPP \u00b7 IGBK \u00b7 RPS Authorial Direction A distinct photographic language shaped by portraiture,&hellip;<\/p>","protected":false},"author":1,"featured_media":6258,"parent":0,"menu_order":0,"comment_status":"closed","ping_status":"closed","template":"elementor_header_footer","meta":{"footnotes":""},"class_list":["post-2185","page","type-page","status-publish","has-post-thumbnail","hentry"],"_links":{"self":[{"href":"https:\/\/burakbulut.info\/tr\/wp-json\/wp\/v2\/pages\/2185","targetHints":{"allow":["GET"]}}],"collection":[{"href":"https:\/\/burakbulut.info\/tr\/wp-json\/wp\/v2\/pages"}],"about":[{"href":"https:\/\/burakbulut.info\/tr\/wp-json\/wp\/v2\/types\/page"}],"author":[{"embeddable":true,"href":"https:\/\/burakbulut.info\/tr\/wp-json\/wp\/v2\/users\/1"}],"replies":[{"embeddable":true,"href":"https:\/\/burakbulut.info\/tr\/wp-json\/wp\/v2\/comments?post=2185"}],"version-history":[{"count":174,"href":"https:\/\/burakbulut.info\/tr\/wp-json\/wp\/v2\/pages\/2185\/revisions"}],"predecessor-version":[{"id":26471,"href":"https:\/\/burakbulut.info\/tr\/wp-json\/wp\/v2\/pages\/2185\/revisions\/26471"}],"wp:featuredmedia":[{"embeddable":true,"href":"https:\/\/burakbulut.info\/tr\/wp-json\/wp\/v2\/media\/6258"}],"wp:attachment":[{"href":"https:\/\/burakbulut.info\/tr\/wp-json\/wp\/v2\/media?parent=2185"}],"curies":[{"name":"wp","href":"https:\/\/api.w.org\/{rel}","templated":true}]}}