{"id":25811,"date":"2026-04-10T02:39:52","date_gmt":"2026-04-10T00:39:52","guid":{"rendered":"https:\/\/burakbulut.info\/?page_id=25811"},"modified":"2026-04-13T03:25:20","modified_gmt":"2026-04-13T01:25:20","slug":"ajans-produksi%cc%87yonlari-i%cc%87ci%cc%87n","status":"publish","type":"page","link":"https:\/\/burakbulut.info\/tr\/for-agencies-productions\/","title":{"rendered":"Ajanslar ve Prod\u00fcksiyon i\u00e7in"},"content":{"rendered":"<div data-elementor-type=\"wp-page\" data-elementor-id=\"25811\" class=\"elementor elementor-25811\" data-elementor-post-type=\"page\">\n\t\t\t\t<div class=\"elementor-element elementor-element-6ef9528 e-flex e-con-boxed e-con e-parent\" data-id=\"6ef9528\" data-element_type=\"container\" data-e-type=\"container\">\n\t\t\t\t\t<div class=\"e-con-inner\">\n\t\t\t\t<div class=\"elementor-element elementor-element-efd3fd1 elementor-widget elementor-widget-html\" data-id=\"efd3fd1\" data-element_type=\"widget\" data-e-type=\"widget\" data-widget_type=\"html.default\">\n\t\t\t\t\t<section class=\"hp-dark\" id=\"for-agencies-hero\" style=\"background:#050505;color:#fff;\">\r\n  <style>\r\n    #for-agencies-hero .fa-wrap,\r\n    #for-agencies-model .fa-wrap,\r\n    #for-agencies-usecases .fa-wrap,\r\n    #for-agencies-cta .fa-wrap{\r\n      max-width:1280px;\r\n      margin:0 auto;\r\n      padding-left:clamp(18px,3vw,34px);\r\n      padding-right:clamp(18px,3vw,34px);\r\n      font-family:Inter,Arial,sans-serif;\r\n    }\r\n    #for-agencies-hero .fa-wrap{\r\n      padding-top:clamp(42px,6vw,92px);\r\n      padding-bottom:clamp(40px,5vw,72px);\r\n    }\r\n    #for-agencies-hero .fa-inner,\r\n    #for-agencies-model .fa-inner,\r\n    #for-agencies-usecases .fa-inner,\r\n    #for-agencies-cta .fa-inner{\r\n      max-width:1180px;\r\n      margin:0 auto;\r\n    }\r\n    #for-agencies-hero .fa-hero{\r\n      max-width:920px;\r\n      margin:0 auto;\r\n      text-align:center;\r\n      padding-bottom:30px;\r\n      border-bottom:1px solid rgba(255,255,255,.08);\r\n    }\r\n    #for-agencies-hero .fa-lbl,\r\n    #for-agencies-model .fa-lbl,\r\n    #for-agencies-usecases .fa-lbl,\r\n    #for-agencies-cta .fa-lbl{\r\n      display:inline-block;\r\n      margin:0 0 16px;\r\n      color:#d4a96a;\r\n      font:500 11px\/1.2 Inter,Arial,sans-serif;\r\n      letter-spacing:4px;\r\n      text-transform:uppercase;\r\n    }\r\n    #for-agencies-hero .fa-h1,\r\n    #for-agencies-model .fa-h2,\r\n    #for-agencies-usecases .fa-h2,\r\n    #for-agencies-cta .fa-h2,\r\n    #for-agencies-cta .fa-h3{\r\n      font-family:'Cormorant Garamond',Georgia,serif;\r\n      font-weight:300;\r\n      color:#fff;\r\n      letter-spacing:.2px;\r\n      margin:0;\r\n    }\r\n    #for-agencies-hero .fa-h1{\r\n      font-size:clamp(40px,6.4vw,72px);\r\n      line-height:1.04;\r\n      margin-bottom:16px;\r\n    }\r\n    #for-agencies-hero .fa-lead{\r\n      max-width:760px;\r\n      margin:0 auto 18px;\r\n      color:#f1ece3;\r\n      font:400 clamp(17px,1.8vw,20px)\/1.68 Inter,Arial,sans-serif;\r\n    }\r\n    #for-agencies-hero .fa-p,\r\n    #for-agencies-model .fa-p,\r\n    #for-agencies-model .fa-card p,\r\n    #for-agencies-usecases .fa-p,\r\n    #for-agencies-usecases .fa-card p,\r\n    #for-agencies-cta .fa-p,\r\n    #for-agencies-cta .fa-note,\r\n    #for-agencies-cta .fa-brief li{\r\n      color:#c9c9c9;\r\n      font:400 16px\/1.8 Inter,Arial,sans-serif;\r\n      margin:0 0 16px;\r\n    }\r\n    #for-agencies-hero .fa-tags{\r\n      display:flex;\r\n      flex-wrap:wrap;\r\n      justify-content:center;\r\n      gap:10px;\r\n      margin-top:24px;\r\n      padding:0;\r\n      list-style:none;\r\n    }\r\n    #for-agencies-hero .fa-tag{\r\n      display:inline-flex;\r\n      align-items:center;\r\n      min-height:34px;\r\n      padding:0 14px;\r\n      border:1px solid rgba(255,255,255,.10);\r\n      border-radius:999px;\r\n      background:rgba(255,255,255,.02);\r\n      color:#cfcfcf;\r\n      font:500 12px\/1 Inter,Arial,sans-serif;\r\n      letter-spacing:.6px;\r\n      text-transform:uppercase;\r\n      white-space:nowrap;\r\n    }\r\n    @media (max-width:767px){\r\n      #for-agencies-hero .fa-wrap,\r\n      #for-agencies-model .fa-wrap,\r\n      #for-agencies-usecases .fa-wrap,\r\n      #for-agencies-cta .fa-wrap{\r\n        padding-left:14px;\r\n        padding-right:14px;\r\n      }\r\n      #for-agencies-hero .fa-wrap{\r\n        padding-top:30px;\r\n        padding-bottom:50px;\r\n      }\r\n      #for-agencies-hero .fa-hero{\r\n        text-align:left;\r\n      }\r\n      #for-agencies-hero .fa-lead,\r\n      #for-agencies-hero .fa-p,\r\n      #for-agencies-model .fa-p,\r\n      #for-agencies-model .fa-card p,\r\n      #for-agencies-usecases .fa-p,\r\n      #for-agencies-usecases .fa-card p,\r\n      #for-agencies-cta .fa-p,\r\n      #for-agencies-cta .fa-note,\r\n      #for-agencies-cta .fa-brief li{\r\n        font-size:15px;\r\n        line-height:1.72;\r\n      }\r\n      #for-agencies-hero .fa-lead{\r\n        margin-left:0;\r\n        margin-right:0;\r\n      }\r\n      #for-agencies-hero .fa-tags{\r\n        justify-content:flex-start;\r\n      }\r\n      #for-agencies-hero .fa-tag{\r\n        white-space:normal;\r\n      }\r\n    }\r\n  <\/style>\r\n\r\n  <div class=\"fa-wrap\">\r\n    <div class=\"fa-inner\">\r\n      <div class=\"fa-hero\">\r\n        <div class=\"fa-lbl\">Ajanslar ve Prod\u00fcksiyon i\u00e7in<\/div>\r\n        <h1 class=\"fa-h1\">Foto\u011fraf\u00e7\u0131 taraf\u0131ndan y\u00f6netilen foto\u011fraflar. \u00dcretim fark\u0131ndal\u0131\u011f\u0131.<\/h1>\r\n\r\n        <p class=\"fa-lead\">\r\n          Burak Bulut Y\u0131ld\u0131r\u0131m, net bir foto\u011frafik bak\u0131\u015f a\u00e7\u0131s\u0131na ve g\u00f6r\u00fcnt\u00fc d\u00fczeyinde yetkili bir ayd\u0131nlatmaya ihtiya\u00e7 duyan brief'lerde ajanslar, yap\u0131mc\u0131lar, sanat sat\u0131n almac\u0131lar\u0131 ve do\u011frudan marka ekipleriyle birlikte \u00e7al\u0131\u015f\u0131yor ve kapsam gerektirdi\u011finde g\u00fcvenilir prod\u00fcksiyon deste\u011fi sa\u011fl\u0131yor.\r\n        <\/p>\r\n\r\n        <ul class=\"fa-tags\">\r\n          <li class=\"fa-tag\">Kampanyalar<\/li>\r\n          <li class=\"fa-tag\">G\u00fczellik<\/li>\r\n          <li class=\"fa-tag\">Tak\u0131lar &amp; Objeler<\/li>\r\n          <li class=\"fa-tag\">Portreler<\/li>\r\n          <li class=\"fa-tag\">Dans ve Performans<\/li>\r\n          <li class=\"fa-tag\">Berlin \/ \u0130stanbul<\/li>\r\n        <\/ul>\r\n      <\/div>\r\n    <\/div>\r\n  <\/div>\r\n<\/section>\t\t\t\t<\/div>\n\t\t\t\t<div class=\"elementor-element elementor-element-d382232 elementor-widget elementor-widget-html\" data-id=\"d382232\" data-element_type=\"widget\" data-e-type=\"widget\" data-widget_type=\"html.default\">\n\t\t\t\t\t<section class=\"hp-dark\" id=\"for-agencies-model\" style=\"background:#070707;color:#fff;\">\r\n  <style>\r\n    #for-agencies-model .fa-wrap{\r\n      padding-top:clamp(10px,2vw,18px);\r\n      padding-bottom:clamp(42px,5vw,82px);\r\n    }\r\n    #for-agencies-model .fa-h2{\r\n      font-size:clamp(32px,4vw,56px);\r\n      line-height:1.08;\r\n      margin-bottom:20px;\r\n    }\r\n    #for-agencies-model .fa-grid{\r\n      display:grid;\r\n      grid-template-columns:repeat(3,minmax(0,1fr));\r\n      gap:18px;\r\n      margin-bottom:18px;\r\n    }\r\n    #for-agencies-model .fa-card{\r\n      padding:24px 22px;\r\n      border:1px solid rgba(255,255,255,.10);\r\n      border-radius:22px;\r\n      background:linear-gradient(180deg,rgba(255,255,255,.025) 0%, rgba(255,255,255,.01) 100%);\r\n    }\r\n    #for-agencies-model .fa-card h3{\r\n      margin:0 0 12px;\r\n      color:#f1e3c9;\r\n      font-family:'Cormorant Garamond',Georgia,serif;\r\n      font-weight:400;\r\n      font-size:clamp(24px,2.3vw,34px);\r\n      line-height:1.12;\r\n    }\r\n    @media (max-width:1024px){\r\n      #for-agencies-model .fa-grid{\r\n        grid-template-columns:1fr;\r\n      }\r\n    }\r\n    @media (max-width:767px){\r\n      #for-agencies-model .fa-card{\r\n        padding:20px 18px;\r\n      }\r\n    }\r\n  <\/style>\r\n  <div class=\"fa-wrap\">\r\n    <div class=\"fa-inner\">\r\n      <div class=\"fa-lbl\">\u00c7al\u0131\u015fma Modeli<\/div>\r\n      <h2 class=\"fa-h2\">Projeler nas\u0131l yap\u0131land\u0131r\u0131l\u0131r<\/h2>\r\n      <div class=\"fa-grid\">\r\n        <article class=\"fa-card\">\r\n          <h3>Ajans liderli\u011findeki bir yap\u0131n\u0131n i\u00e7inde<\/h3>\r\n          <p>\r\n            Yarat\u0131c\u0131 ve prod\u00fcksiyon \u00e7er\u00e7evesi halihaz\u0131rda mevcut oldu\u011funda, Burak bu sistemin i\u00e7inde foto\u011fraf\u00e7\u0131 olarak \u00e7al\u0131\u015f\u0131yor - tretmana uyum sa\u011fl\u0131yor, yap\u0131mc\u0131lar ve sanat y\u00f6netmenleriyle i\u015fbirli\u011fi yap\u0131yor ve foto\u011fraflar\u0131 tutarl\u0131l\u0131kla ta\u015f\u0131yor.\r\n          <\/p>\r\n        <\/article>\r\n        <article class=\"fa-card\">\r\n          <h3>Do\u011frudan g\u00f6r\u00fcnt\u00fc seviyesinde<\/h3>\r\n          <p>\r\n            Baz\u0131 brief'ler nihai g\u00f6rsel y\u00f6nlendirme konusunda daha fazla bo\u015fluk b\u0131rakarak geliyor. Bu gibi durumlarda Burak \u0131\u015f\u0131kland\u0131rma, ton, kompozisyon ve varl\u0131klar\u0131n farkl\u0131 kullan\u0131mlarda bir arada tutulmas\u0131na daha aktif bir \u015fekilde katk\u0131da bulunuyor.\r\n          <\/p>\r\n        <\/article>\r\n        <article class=\"fa-card\">\r\n          <h3>Kapsam gerektirdi\u011finde geni\u015fletilir<\/h3>\r\n          <p>\r\n            Foto\u011fraf y\u00f6netimi ki\u015fisel olarak y\u00f6netilmeye devam ederken, gerekti\u011finde asistanlar, stil, makyaj, r\u00f6tu\u015f ve prod\u00fcksiyon koordinasyonu gibi destek \u00f6l\u00e7eklendirilir. Bir brief foto\u011fraf ve video gerektirdi\u011finde, prod\u00fcksiyon LUX Prod\u00fcksiyon arac\u0131l\u0131\u011f\u0131yla geni\u015fletilebilir.\r\n          <\/p>\r\n        <\/article>\r\n      <\/div>\r\n    <\/div>\r\n  <\/div>\r\n<\/section>\t\t\t\t<\/div>\n\t\t\t\t<div class=\"elementor-element elementor-element-1f92ef9 elementor-widget elementor-widget-html\" data-id=\"1f92ef9\" data-element_type=\"widget\" data-e-type=\"widget\" data-widget_type=\"html.default\">\n\t\t\t\t\t<section class=\"hp-dark\" id=\"for-agencies-usecases\" style=\"background:#050505;color:#fff;\">\r\n  <style>\r\n    #for-agencies-usecases .fa-wrap{\r\n      padding-top:clamp(10px,2vw,18px);\r\n      padding-bottom:clamp(42px,5vw,82px);\r\n    }\r\n    #for-agencies-usecases .fa-h2{\r\n      font-size:clamp(32px,4vw,56px);\r\n      line-height:1.08;\r\n      margin-bottom:20px;\r\n    }\r\n    #for-agencies-usecases .fa-grid{\r\n      display:grid;\r\n      grid-template-columns:repeat(2,minmax(0,1fr));\r\n      gap:18px;\r\n      margin-bottom:18px;\r\n    }\r\n    #for-agencies-usecases .fa-card{\r\n      padding:24px 22px;\r\n      border:1px solid rgba(255,255,255,.10);\r\n      border-radius:22px;\r\n      background:linear-gradient(180deg,rgba(255,255,255,.025) 0%, rgba(255,255,255,.01) 100%);\r\n    }\r\n    #for-agencies-usecases .fa-card h3{\r\n      margin:0 0 12px;\r\n      color:#f1e3c9;\r\n      font-family:'Cormorant Garamond',Georgia,serif;\r\n      font-weight:400;\r\n      font-size:clamp(24px,2.3vw,34px);\r\n      line-height:1.12;\r\n    }\r\n    @media (max-width:1024px){\r\n      #for-agencies-usecases .fa-grid{\r\n        grid-template-columns:1fr;\r\n      }\r\n    }\r\n    @media (max-width:767px){\r\n      #for-agencies-usecases .fa-card{\r\n        padding:20px 18px;\r\n      }\r\n    }\r\n  <\/style>\r\n  <div class=\"fa-wrap\">\r\n    <div class=\"fa-inner\">\r\n      <div class=\"fa-lbl\">Uygun K\u00fclotlar<\/div>\r\n      <h2 class=\"fa-h2\">Bunun genellikle en yararl\u0131 oldu\u011fu yerler<\/h2>\r\n      <div class=\"fa-grid\">\r\n        <article class=\"fa-card\">\r\n          <h3>Kampanya ve \u00f6nemli g\u00f6rsel foto\u011fraflar<\/h3>\r\n          <p>\r\n            Geni\u015f bir kapsamdan ziyade merkezi bir imaja, tutarl\u0131 bir g\u00f6rsel dile veya kampanyaya y\u00f6nelik kontroll\u00fc bir varl\u0131k yap\u0131s\u0131na ihtiya\u00e7 duyan projeler.\r\n          <\/p>\r\n        <\/article>\r\n        <article class=\"fa-card\">\r\n          <h3>G\u00fczellik, ten \u00fczerinde \u00fcr\u00fcn ve portre<\/h3>\r\n          <p>\r\n            Y\u00fczey, cilt, ambalaj ve \u0131\u015f\u0131\u011f\u0131n g\u00f6rsel karakterini kaybetmeden farkl\u0131 yerle\u015fimlerde hassas, rafine ve kullan\u0131labilir hissettirmesi gereken dosyalar.\r\n          <\/p>\r\n        <\/article>\r\n        <article class=\"fa-card\">\r\n          <h3>Tak\u0131lar ve objeler<\/h3>\r\n          <p>\r\n            Teknik netlik kadar yans\u0131ma kontrol\u00fc, maddi varl\u0131k ve de\u011fer alg\u0131s\u0131n\u0131n da \u00f6nemli oldu\u011fu g\u00f6revler.\r\n          <\/p>\r\n        <\/article>\r\n        <article class=\"fa-card\">\r\n          <h3>Y\u00f6netici portresi ve lansman d\u00f6nemi g\u00f6r\u00fcnt\u00fcleri<\/h3>\r\n          <p>\r\n            Bas\u0131n, sosyal medya ve lansmanla ilgili ileti\u015fim i\u00e7in yap\u0131land\u0131r\u0131lm\u0131\u015f ve hemen kullan\u0131labilir hissettirmesi gereken portre \u00e7al\u0131\u015fmas\u0131 ve \u00e7evresindeki foto\u011fraflar.\r\n          <\/p>\r\n        <\/article>\r\n      <\/div>\r\n    <\/div>\r\n  <\/div>\r\n<\/section>\t\t\t\t<\/div>\n\t\t\t\t<div class=\"elementor-element elementor-element-fba29f8 elementor-widget elementor-widget-html\" data-id=\"fba29f8\" data-element_type=\"widget\" data-e-type=\"widget\" data-widget_type=\"html.default\">\n\t\t\t\t\t<section class=\"hp-dark\" id=\"for-agencies-cta\" style=\"background:#070707;color:#fff;\">\r\n  <style>\r\n    #for-agencies-cta .fa-wrap{\r\n      padding-top:clamp(10px,2vw,18px);\r\n      padding-bottom:clamp(52px,6vw,96px);\r\n    }\r\n    #for-agencies-cta .fa-h2{\r\n      font-size:clamp(32px,4vw,56px);\r\n      line-height:1.08;\r\n      margin-bottom:20px;\r\n    }\r\n    #for-agencies-cta .fa-grid{\r\n      display:grid;\r\n      grid-template-columns:1fr 1fr;\r\n      gap:18px;\r\n      margin-bottom:22px;\r\n    }\r\n    #for-agencies-cta .fa-card{\r\n      padding:24px 22px;\r\n      border:1px solid rgba(255,255,255,.10);\r\n      border-radius:22px;\r\n      background:#0d0d0d;\r\n    }\r\n    #for-agencies-cta .fa-card h3{\r\n      margin:0 0 12px;\r\n      color:#fff;\r\n      font-family:'Cormorant Garamond',Georgia,serif;\r\n      font-weight:300;\r\n      font-size:clamp(26px,2.5vw,38px);\r\n      line-height:1.1;\r\n    }\r\n    #for-agencies-cta .fa-brief{\r\n      list-style:none;\r\n      padding:0;\r\n      margin:0;\r\n    }\r\n    #for-agencies-cta .fa-brief li{\r\n      position:relative;\r\n      padding-left:20px;\r\n      margin:0 0 8px;\r\n    }\r\n    #for-agencies-cta .fa-brief li:before{\r\n      content:\"\";\r\n      position:absolute;\r\n      left:0;\r\n      top:.82em;\r\n      width:7px;\r\n      height:7px;\r\n      border-radius:50%;\r\n      background:#d4a96a;\r\n      transform:translateY(-50%);\r\n    }\r\n    #for-agencies-cta .fa-cta{\r\n      margin-top:22px;\r\n      padding:28px 24px;\r\n      border-left:3px solid #d4a96a;\r\n      border-radius:0 22px 22px 0;\r\n      background:#101010;\r\n    }\r\n    #for-agencies-cta .fa-h3{\r\n      font-size:clamp(28px,3vw,42px);\r\n      line-height:1.1;\r\n      margin-bottom:10px;\r\n    }\r\n    @media (max-width:1024px){\r\n      #for-agencies-cta .fa-grid{\r\n        grid-template-columns:1fr;\r\n      }\r\n    }\r\n    @media (max-width:767px){\r\n      #for-agencies-cta .fa-card,\r\n      #for-agencies-cta .fa-cta{\r\n        padding:20px 18px;\r\n      }\r\n    }\r\n  <\/style>\r\n\r\n  <div class=\"fa-wrap\">\r\n    <div class=\"fa-inner\">\r\n      <div class=\"fa-lbl\">Pratik Ba\u015flang\u0131\u00e7 Noktalar\u0131<\/div>\r\n      <h2 class=\"fa-h2\">Berlin ve \u0130stanbul'da yerle\u015fiktir. Avrupa ve Birle\u015fik Krall\u0131k'taki projeler i\u00e7in uygun.<\/h2>\r\n\r\n      <div class=\"fa-grid\">\r\n        <article class=\"fa-card\">\r\n          <h3>Faydal\u0131 ilk sorgulama detaylar\u0131<\/h3>\r\n          <ul class=\"fa-brief\">\r\n            <li>Proje t\u00fcr\u00fc veya k\u0131sa \u00f6zeti<\/li>\r\n            <li>\u015eehir veya \u00e7ekim yeri<\/li>\r\n            <li>Beklenen \u00e7\u0131kt\u0131lar<\/li>\r\n            <li>Zaman \u00e7izelgesi veya \u00f6nemli tarihler<\/li>\r\n            <li>Kullan\u0131m ba\u011flam\u0131, \u00f6nceden tan\u0131mlanm\u0131\u015fsa<\/li>\r\n          <\/ul>\r\n        <\/article>\r\n\r\n        <article class=\"fa-card\">\r\n          <h3>Se\u00e7ilmi\u015f \u00e7al\u0131\u015fmalar<\/h3>\r\n          <p class=\"fa-note\">\r\n            Belirli alanlara daha yak\u0131ndan bakmak i\u00e7in, en ilgili portf\u00f6y sayfalar\u0131 a\u015fa\u011f\u0131dad\u0131r.\r\n          <\/p>\r\n          <div style=\"display:flex;flex-wrap:wrap;gap:8px;margin-top:12px;\">\r\n            <a style=\"display:inline-block;font-size:11px;letter-spacing:2px;text-transform:uppercase;color:#d4a96a;text-decoration:none;padding:6px 12px;border:1px solid rgba(212,169,106,.25);border-radius:999px;transition:border-color .2s\" href=\"\/tr\/is\/kampanyalar\/\">Kampanyalar<\/a>\r\n            <a style=\"display:inline-block;font-size:11px;letter-spacing:2px;text-transform:uppercase;color:#d4a96a;text-decoration:none;padding:6px 12px;border:1px solid rgba(212,169,106,.25);border-radius:999px;transition:border-color .2s\" href=\"\/tr\/is\/guzellik-kozmetik\/\">G\u00fczellik<\/a>\r\n            <a style=\"display:inline-block;font-size:11px;letter-spacing:2px;text-transform:uppercase;color:#d4a96a;text-decoration:none;padding:6px 12px;border:1px solid rgba(212,169,106,.25);border-radius:999px;transition:border-color .2s\" href=\"\/tr\/is\/mucevher\/\">M\u00fccevherat<\/a>\r\n            <a style=\"display:inline-block;font-size:11px;letter-spacing:2px;text-transform:uppercase;color:#d4a96a;text-decoration:none;padding:6px 12px;border:1px solid rgba(212,169,106,.25);border-radius:999px;transition:border-color .2s\" href=\"\/tr\/marka-ortakliklari\/\">Ortakl\u0131klar<\/a>\r\n          <\/div>\r\n        <\/article>\r\n      <\/div>\r\n\r\n      <div class=\"fa-cta\">\r\n        <h3 class=\"fa-h3\">Ba\u015flamak i\u00e7in k\u0131sa bir taslak yeterlidir.<\/h3>\r\n        <p class=\"fa-p\" style=\"margin:0;\">\r\n          <a href=\"mailto:info@burakbulut.info\" style=\"color:#d4a96a;text-decoration:none\">info@burakbulut.info<\/a>\r\n        <\/p>\r\n      <\/div>\r\n    <\/div>\r\n  <\/div>\r\n<\/section>\t\t\t\t<\/div>\n\t\t\t\t<div class=\"elementor-element elementor-element-466371a elementor-widget elementor-widget-html\" data-id=\"466371a\" data-element_type=\"widget\" data-e-type=\"widget\" data-widget_type=\"html.default\">\n\t\t\t\t\t<section class=\"hp-dark\" id=\"for-agencies-final-cta\" style=\"background:#050505;color:#fff;\">\r\n  <style>\r\n    #for-agencies-final-cta .fa-wrap{\r\n      max-width:1280px;\r\n      margin:0 auto;\r\n      padding:clamp(10px,2vw,18px) clamp(18px,3vw,34px) clamp(64px,7vw,110px);\r\n      font-family:Inter,Arial,sans-serif;\r\n    }\r\n    #for-agencies-final-cta .fa-inner{\r\n      max-width:1180px;\r\n      margin:0 auto;\r\n    }\r\n    #for-agencies-final-cta .fa-panel{\r\n      padding:clamp(28px,3vw,40px);\r\n      border:1px solid rgba(255,255,255,.10);\r\n      border-radius:28px;\r\n      background:linear-gradient(180deg,rgba(255,255,255,.035) 0%, rgba(255,255,255,.015) 100%);\r\n      text-align:center;\r\n    }\r\n    #for-agencies-final-cta .fa-lbl{\r\n      display:inline-block;\r\n      margin:0 0 16px;\r\n      color:#d4a96a;\r\n      font:500 11px\/1.2 Inter,Arial,sans-serif;\r\n      letter-spacing:4px;\r\n      text-transform:uppercase;\r\n    }\r\n    #for-agencies-final-cta .fa-h2{\r\n      margin:0 0 14px;\r\n      color:#fff;\r\n      font-family:'Cormorant Garamond',Georgia,serif;\r\n      font-weight:300;\r\n      font-size:clamp(34px,4.2vw,60px);\r\n      line-height:1.06;\r\n      letter-spacing:.2px;\r\n    }\r\n    #for-agencies-final-cta .fa-p{\r\n      max-width:820px;\r\n      margin:0 auto 14px;\r\n      color:#c9c9c9;\r\n      font:400 16px\/1.8 Inter,Arial,sans-serif;\r\n    }\r\n    #for-agencies-final-cta .fa-link{\r\n      display:inline-block;\r\n      margin-top:18px;\r\n      font-size:11px;\r\n      letter-spacing:3px;\r\n      text-transform:uppercase;\r\n      color:#d4a96a;\r\n      text-decoration:none;\r\n      font-weight:500;\r\n      border-bottom:1px solid transparent;\r\n      transition:border-color .2s;\r\n    }\r\n    #for-agencies-final-cta .fa-link:hover{\r\n      border-bottom-color:#d4a96a;\r\n    }\r\n    @media (max-width:767px){\r\n      #for-agencies-final-cta .fa-wrap{\r\n        padding:8px 14px 68px;\r\n      }\r\n      #for-agencies-final-cta .fa-panel{\r\n        text-align:left;\r\n        padding:24px 18px;\r\n      }\r\n      #for-agencies-final-cta .fa-p{\r\n        margin-left:0;\r\n        margin-right:0;\r\n        font-size:15px;\r\n        line-height:1.72;\r\n      }\r\n    }\r\n  <\/style>\r\n  <div class=\"fa-wrap\">\r\n    <div class=\"fa-inner\">\r\n      <div class=\"fa-panel\">\r\n        <div class=\"fa-lbl\">Soru\u015fturma<\/div>\r\n        <h2 class=\"fa-h2\">Brief net bir foto\u011frafik bak\u0131\u015f a\u00e7\u0131s\u0131 gerektirdi\u011finde.<\/h2>\r\n        <p class=\"fa-p\">\r\n          Kampanyalar, g\u00fczellik, m\u00fccevher, portre ve performans odakl\u0131 g\u00f6r\u00fcnt\u00fc olu\u015fturma alanlar\u0131nda ajans taraf\u0131ndan y\u00f6netilen komisyonlar, do\u011frudan marka prod\u00fcksiyonlar\u0131 ve se\u00e7ilmi\u015f foto\u011fraf \u00f6zetleri i\u00e7in kullan\u0131labilir.\r\n        <\/p>\r\n        <p class=\"fa-p\">\r\n          K\u0131sa bir taslak, tretman veya yap\u0131m notu ba\u015flamak i\u00e7in yeterlidir.\r\n        <\/p>\r\n        <a class=\"fa-link\" href=\"mailto:info@burakbulut.info\">info@burakbulut.info<\/a>\r\n      <\/div>\r\n    <\/div>\r\n  <\/div>\r\n<\/section>\t\t\t\t<\/div>\n\t\t\t\t\t<\/div>\n\t\t\t\t<\/div>\n\t\t\t\t<\/div>","protected":false},"excerpt":{"rendered":"<p>For Agencies &amp; Production Photographer-led stills. Production-aware. Burak Bulut Y\u0131ld\u0131r\u0131m works with agencies, producers, art buyers, and direct brand teams on briefs that need a clear photographic point of view and authored lighting at image level \u2014 with trusted production support when the scope requires it. Campaigns Beauty Jewellery &amp; Objects Portraits Dance &amp; Performance&hellip;<\/p>","protected":false},"author":1,"featured_media":0,"parent":0,"menu_order":0,"comment_status":"closed","ping_status":"closed","template":"elementor_header_footer","meta":{"footnotes":""},"class_list":["post-25811","page","type-page","status-publish","hentry"],"_links":{"self":[{"href":"https:\/\/burakbulut.info\/tr\/wp-json\/wp\/v2\/pages\/25811","targetHints":{"allow":["GET"]}}],"collection":[{"href":"https:\/\/burakbulut.info\/tr\/wp-json\/wp\/v2\/pages"}],"about":[{"href":"https:\/\/burakbulut.info\/tr\/wp-json\/wp\/v2\/types\/page"}],"author":[{"embeddable":true,"href":"https:\/\/burakbulut.info\/tr\/wp-json\/wp\/v2\/users\/1"}],"replies":[{"embeddable":true,"href":"https:\/\/burakbulut.info\/tr\/wp-json\/wp\/v2\/comments?post=25811"}],"version-history":[{"count":23,"href":"https:\/\/burakbulut.info\/tr\/wp-json\/wp\/v2\/pages\/25811\/revisions"}],"predecessor-version":[{"id":25879,"href":"https:\/\/burakbulut.info\/tr\/wp-json\/wp\/v2\/pages\/25811\/revisions\/25879"}],"wp:attachment":[{"href":"https:\/\/burakbulut.info\/tr\/wp-json\/wp\/v2\/media?parent=25811"}],"curies":[{"name":"wp","href":"https:\/\/api.w.org\/{rel}","templated":true}]}}